{"id":110326,"date":"2023-05-08T01:08:09","date_gmt":"2023-05-08T01:08:09","guid":{"rendered":"https:\/\/www.mundiplus.com\/caminos\/senza-categoria\/cammino-di-santiago-da-irun-a-bilbao\/"},"modified":"2025-01-08T16:42:10","modified_gmt":"2025-01-08T16:42:10","slug":"cammino-di-santiago-da-irun-a-bilbao","status":"publish","type":"product","link":"https:\/\/www.mundiplus.com\/it\/caminos\/cammino-di-santiago-da-irun-a-bilbao\/","title":{"rendered":"Cammino di Santiago da Irun a Bilbao"},"content":{"rendered":"<p>Sul Cammino di Santiago da Ir\u00fan a Bilbao, la zona costiera si alterna alle montagne. La citt\u00e0 di Ir\u00fan \u00e8 il punto di partenza del Camino del Norte. Lungo il percorso ci aspettano una gastronomia ricca e abbondante, cos\u00ec come i suoi famosi ristoranti e chef. Paesaggi rigogliosi e viste spettacolari accompagneranno il pellegrino attraverso le terre basche.<\/p>\n","protected":false},"excerpt":{"rendered":"<p>Sul Cammino di Santiago da Ir\u00fan a Bilbao, la zona costiera si alterna alle montagne. La citt\u00e0 di Ir\u00fan \u00e8 il punto di partenza del Camino del Norte. Lungo il percorso ci aspettano una gastronomia ricca e abbondante, cos\u00ec come i suoi famosi ristoranti e chef. Paesaggi rigogliosi e viste spettacolari accompagneranno il pellegrino attraverso [&hellip;]<\/p>\n","protected":false},"featured_media":56395,"comment_status":"open","ping_status":"closed","template":"","meta":[],"product_brand":[],"product_cat":[464,501],"product_tag":[634],"class_list":{"0":"post-110326","1":"product","2":"type-product","3":"status-publish","4":"has-post-thumbnail","6":"product_cat-percorsi-pedonali","7":"product_cat-strada-nord","8":"product_tag-irun_santiago-it","10":"first","11":"instock","12":"shipping-taxable","13":"purchasable","14":"product-type-simple"},"_links":{"self":[{"href":"https:\/\/www.mundiplus.com\/it\/wp-json\/wp\/v2\/product\/110326","targetHints":{"allow":["GET"]}}],"collection":[{"href":"https:\/\/www.mundiplus.com\/it\/wp-json\/wp\/v2\/product"}],"about":[{"href":"https:\/\/www.mundiplus.com\/it\/wp-json\/wp\/v2\/types\/product"}],"replies":[{"embeddable":true,"href":"https:\/\/www.mundiplus.com\/it\/wp-json\/wp\/v2\/comments?post=110326"}],"version-history":[{"count":0,"href":"https:\/\/www.mundiplus.com\/it\/wp-json\/wp\/v2\/product\/110326\/revisions"}],"wp:featuredmedia":[{"embeddable":true,"href":"https:\/\/www.mundiplus.com\/it\/wp-json\/wp\/v2\/media\/56395"}],"wp:attachment":[{"href":"https:\/\/www.mundiplus.com\/it\/wp-json\/wp\/v2\/media?parent=110326"}],"wp:term":[{"taxonomy":"product_brand","embeddable":true,"href":"https:\/\/www.mundiplus.com\/it\/wp-json\/wp\/v2\/product_brand?post=110326"},{"taxonomy":"product_cat","embeddable":true,"href":"https:\/\/www.mundiplus.com\/it\/wp-json\/wp\/v2\/product_cat?post=110326"},{"taxonomy":"product_tag","embeddable":true,"href":"https:\/\/www.mundiplus.com\/it\/wp-json\/wp\/v2\/product_tag?post=110326"}],"curies":[{"name":"wp","href":"https:\/\/api.w.org\/{rel}","templated":true}]}}