{"id":110368,"date":"2023-05-08T10:26:40","date_gmt":"2023-05-08T10:26:40","guid":{"rendered":"https:\/\/www.mundiplus.com\/caminos\/senza-categoria\/cammino-di-santiago-da-bilbao-a-santander\/"},"modified":"2025-04-28T11:47:30","modified_gmt":"2025-04-28T11:47:30","slug":"cammino-di-santiago-da-bilbao-a-santander","status":"publish","type":"product","link":"https:\/\/www.mundiplus.com\/it\/caminos\/cammino-di-santiago-da-bilbao-a-santander\/","title":{"rendered":"Cammino di Santiago da Bilbao a Santander"},"content":{"rendered":"<p>Mare e montagna sono i tratti distintivi di questo <strong>Cammino di Santiago da Bilbao<\/strong> a Santander. Citt\u00e0 costiere, con una grande ricchezza culturale e storica come Portugalete, con il suo Ponte Sospeso (dichiarato Patrimonio dell&#8217;Umanit\u00e0), il suo principale segno distintivo, il villaggio di pescatori di Castro Urdiales, Laredo, con il suo fantastico centro storico e la sua estesa spiaggia e Santander, a cui accederemo in barca, con il Palazzo della Magdalena come testimone, saranno le principali attrazioni di questo bellissimo itinerario del <a href=\"https:\/\/www.mundiplus.com\/it\/caminos\/a-pie\/camino-norte\/\" target=\"_blank\" rel=\"noopener noreferrer\">Cammino di Santiago del Norte<\/a>.<\/p>\n<p>Questo percorso collega le comunit\u00e0 dei Paesi Baschi e della Cantabria, entrambe all&#8217;estremit\u00e0 della spiaggia La Arena e nella citt\u00e0 di Pobe\u00f1a.<\/p>\n<p>Nella parte cantabrica troveremo numerose valli dedicate ai pascoli a causa dell&#8217;immenso ranch di bestiame di questa regione e dei villaggi di pescatori che punteggiano la sua costa.<\/p>\n<p>Siamo \u201cfortunati\u201d su questa tratta a poter effettuare due trasferimenti in barca; uno dalla punta di Laredo a Santo\u00f1a, citt\u00e0 famosa per le sue famose acciughe e l&#8217;altro trasferimento dal molo di Somo alla monumentale capitale della Cantabria, Santander.<\/p>\n","protected":false},"excerpt":{"rendered":"<p>Mare e montagna sono i tratti distintivi di questo Cammino di Santiago da Bilbao a Santander. Citt\u00e0 costiere, con una grande ricchezza culturale e storica come Portugalete, con il suo Ponte Sospeso (dichiarato Patrimonio dell&#8217;Umanit\u00e0), il suo principale segno distintivo, il villaggio di pescatori di Castro Urdiales, Laredo, con il suo fantastico centro storico e [&hellip;]<\/p>\n","protected":false},"featured_media":51608,"comment_status":"open","ping_status":"closed","template":"","meta":[],"product_brand":[],"product_cat":[464,501],"product_tag":[639],"class_list":{"0":"post-110368","1":"product","2":"type-product","3":"status-publish","4":"has-post-thumbnail","6":"product_cat-percorsi-pedonali","7":"product_cat-strada-nord","8":"product_tag-_bilbao_a_santander-it","10":"first","11":"instock","12":"shipping-taxable","13":"purchasable","14":"product-type-simple"},"_links":{"self":[{"href":"https:\/\/www.mundiplus.com\/it\/wp-json\/wp\/v2\/product\/110368","targetHints":{"allow":["GET"]}}],"collection":[{"href":"https:\/\/www.mundiplus.com\/it\/wp-json\/wp\/v2\/product"}],"about":[{"href":"https:\/\/www.mundiplus.com\/it\/wp-json\/wp\/v2\/types\/product"}],"replies":[{"embeddable":true,"href":"https:\/\/www.mundiplus.com\/it\/wp-json\/wp\/v2\/comments?post=110368"}],"version-history":[{"count":0,"href":"https:\/\/www.mundiplus.com\/it\/wp-json\/wp\/v2\/product\/110368\/revisions"}],"wp:featuredmedia":[{"embeddable":true,"href":"https:\/\/www.mundiplus.com\/it\/wp-json\/wp\/v2\/media\/51608"}],"wp:attachment":[{"href":"https:\/\/www.mundiplus.com\/it\/wp-json\/wp\/v2\/media?parent=110368"}],"wp:term":[{"taxonomy":"product_brand","embeddable":true,"href":"https:\/\/www.mundiplus.com\/it\/wp-json\/wp\/v2\/product_brand?post=110368"},{"taxonomy":"product_cat","embeddable":true,"href":"https:\/\/www.mundiplus.com\/it\/wp-json\/wp\/v2\/product_cat?post=110368"},{"taxonomy":"product_tag","embeddable":true,"href":"https:\/\/www.mundiplus.com\/it\/wp-json\/wp\/v2\/product_tag?post=110368"}],"curies":[{"name":"wp","href":"https:\/\/api.w.org\/{rel}","templated":true}]}}