{"id":110464,"date":"2023-04-27T11:39:17","date_gmt":"2023-04-27T11:39:17","guid":{"rendered":"https:\/\/www.mundiplus.com\/caminos\/senza-categoria\/strada-da-baiona-a-santiago\/"},"modified":"2025-05-22T13:44:14","modified_gmt":"2025-05-22T13:44:14","slug":"strada-da-baiona-a-santiago","status":"publish","type":"product","link":"https:\/\/www.mundiplus.com\/it\/caminos\/strada-da-baiona-a-santiago\/","title":{"rendered":"Strada da Baiona a Santiago"},"content":{"rendered":"<p>Questo <strong>Cammino di Santiago<\/strong> da Baiona (cammino portoghese lungo la costa e si collega con il <a href=\"https:\/\/www.mundiplus.com\/it\/caminos\/a-pie\/camino-portugues\/camino- de-santiago- desde-tui\" target=\"_blank\" rel=\"noopener\">Camino Portugues central<\/a> nella citt\u00e0 di Redondela) \u00e8 l&#8217;unico posto dove si pu\u00f2 apprezzare il rapporto tra le spiagge tranquille e le onde forti dell&#8217;Atlantico, dove la brezza marina ci accompagner\u00e0 nel nostro cammino. \u00c8 il percorso ideale per chi cerca sensazioni nuove, vicino alla costa, che mettono alla prova il corpo e schiariscono la mente attraverso paesaggi dalla bellezza mozzafiato.<\/p>\n","protected":false},"excerpt":{"rendered":"<p>Questo Cammino di Santiago da Baiona (cammino portoghese lungo la costa e si collega con il Camino Portugues central nella citt\u00e0 di Redondela) \u00e8 l&#8217;unico posto dove si pu\u00f2 apprezzare il rapporto tra le spiagge tranquille e le onde forti dell&#8217;Atlantico, dove la brezza marina ci accompagner\u00e0 nel nostro cammino. \u00c8 il percorso ideale per [&hellip;]<\/p>\n","protected":false},"featured_media":52033,"comment_status":"open","ping_status":"closed","template":"","meta":[],"product_brand":[],"product_cat":[470,464],"product_tag":[],"class_list":{"0":"post-110464","1":"product","2":"type-product","3":"status-publish","4":"has-post-thumbnail","6":"product_cat-itinerario-costiero-portoghese","7":"product_cat-percorsi-pedonali","9":"first","10":"instock","11":"shipping-taxable","12":"purchasable","13":"product-type-simple"},"_links":{"self":[{"href":"https:\/\/www.mundiplus.com\/it\/wp-json\/wp\/v2\/product\/110464","targetHints":{"allow":["GET"]}}],"collection":[{"href":"https:\/\/www.mundiplus.com\/it\/wp-json\/wp\/v2\/product"}],"about":[{"href":"https:\/\/www.mundiplus.com\/it\/wp-json\/wp\/v2\/types\/product"}],"replies":[{"embeddable":true,"href":"https:\/\/www.mundiplus.com\/it\/wp-json\/wp\/v2\/comments?post=110464"}],"version-history":[{"count":0,"href":"https:\/\/www.mundiplus.com\/it\/wp-json\/wp\/v2\/product\/110464\/revisions"}],"wp:featuredmedia":[{"embeddable":true,"href":"https:\/\/www.mundiplus.com\/it\/wp-json\/wp\/v2\/media\/52033"}],"wp:attachment":[{"href":"https:\/\/www.mundiplus.com\/it\/wp-json\/wp\/v2\/media?parent=110464"}],"wp:term":[{"taxonomy":"product_brand","embeddable":true,"href":"https:\/\/www.mundiplus.com\/it\/wp-json\/wp\/v2\/product_brand?post=110464"},{"taxonomy":"product_cat","embeddable":true,"href":"https:\/\/www.mundiplus.com\/it\/wp-json\/wp\/v2\/product_cat?post=110464"},{"taxonomy":"product_tag","embeddable":true,"href":"https:\/\/www.mundiplus.com\/it\/wp-json\/wp\/v2\/product_tag?post=110464"}],"curies":[{"name":"wp","href":"https:\/\/api.w.org\/{rel}","templated":true}]}}