{"id":110634,"date":"2023-04-22T22:16:46","date_gmt":"2023-04-22T22:16:46","guid":{"rendered":"https:\/\/www.mundiplus.com\/caminos\/senza-categoria\/cammino-di-santiago-in-bicicletta-da-leon\/"},"modified":"2025-02-18T16:06:35","modified_gmt":"2025-02-18T16:06:35","slug":"cammino-di-santiago-in-bicicletta-da-leon","status":"publish","type":"product","link":"https:\/\/www.mundiplus.com\/it\/caminos\/cammino-di-santiago-in-bicicletta-da-leon\/","title":{"rendered":"Cammino di Santiago in bicicletta da Le\u00f3n"},"content":{"rendered":"<p>In questo emozionante percorso del <strong>Cammino di Santiago in bicicletta da Le\u00f3n<\/strong> di poco pi\u00f9 di 300 km, attraverserai la bellissima zona desolata di Le\u00f3n e la regione di El Bierzo. Godrai delle viste emozionanti da Foncebad\u00f3n, Cruz del Ferro e O Cebreiro.<\/p>\n<p>Il Cammino di Santiago \u00e8 un percorso unico che ha pi\u00f9 di mille anni di storia e lungo il cui percorso si trovano paesi, villaggi e citt\u00e0 di grande significato storico-artistico.<\/p>\n<p>Se preferisci percorrere il <a href=\"https:\/\/www.mundiplus.com\/it\/caminos\/a-pie\/camino-frances\" target=\"_blank\" rel=\"noopener noreferrer\">Cammino francese a piedi &lt;\/ a&gt; ti diamo anche questa possibilit\u00e0.<\/a><\/p>\n","protected":false},"excerpt":{"rendered":"<p>In questo emozionante percorso del Cammino di Santiago in bicicletta da Le\u00f3n di poco pi\u00f9 di 300 km, attraverserai la bellissima zona desolata di Le\u00f3n e la regione di El Bierzo. Godrai delle viste emozionanti da Foncebad\u00f3n, Cruz del Ferro e O Cebreiro. Il Cammino di Santiago \u00e8 un percorso unico che ha pi\u00f9 di [&hellip;]<\/p>\n","protected":false},"featured_media":56339,"comment_status":"open","ping_status":"closed","template":"","meta":[],"product_brand":[],"product_cat":[482],"product_tag":[],"class_list":{"0":"post-110634","1":"product","2":"type-product","3":"status-publish","4":"has-post-thumbnail","6":"product_cat-piste-ciclabili","8":"first","9":"instock","10":"shipping-taxable","11":"purchasable","12":"product-type-simple"},"_links":{"self":[{"href":"https:\/\/www.mundiplus.com\/it\/wp-json\/wp\/v2\/product\/110634","targetHints":{"allow":["GET"]}}],"collection":[{"href":"https:\/\/www.mundiplus.com\/it\/wp-json\/wp\/v2\/product"}],"about":[{"href":"https:\/\/www.mundiplus.com\/it\/wp-json\/wp\/v2\/types\/product"}],"replies":[{"embeddable":true,"href":"https:\/\/www.mundiplus.com\/it\/wp-json\/wp\/v2\/comments?post=110634"}],"version-history":[{"count":0,"href":"https:\/\/www.mundiplus.com\/it\/wp-json\/wp\/v2\/product\/110634\/revisions"}],"wp:featuredmedia":[{"embeddable":true,"href":"https:\/\/www.mundiplus.com\/it\/wp-json\/wp\/v2\/media\/56339"}],"wp:attachment":[{"href":"https:\/\/www.mundiplus.com\/it\/wp-json\/wp\/v2\/media?parent=110634"}],"wp:term":[{"taxonomy":"product_brand","embeddable":true,"href":"https:\/\/www.mundiplus.com\/it\/wp-json\/wp\/v2\/product_brand?post=110634"},{"taxonomy":"product_cat","embeddable":true,"href":"https:\/\/www.mundiplus.com\/it\/wp-json\/wp\/v2\/product_cat?post=110634"},{"taxonomy":"product_tag","embeddable":true,"href":"https:\/\/www.mundiplus.com\/it\/wp-json\/wp\/v2\/product_tag?post=110634"}],"curies":[{"name":"wp","href":"https:\/\/api.w.org\/{rel}","templated":true}]}}