{"id":113154,"date":"2024-04-11T14:18:51","date_gmt":"2024-04-11T14:18:51","guid":{"rendered":"https:\/\/www.mundiplus.com\/caminos\/sem%20categoria\/caminho-de-santiago-de-ferrol\/"},"modified":"2025-02-18T16:15:19","modified_gmt":"2025-02-18T16:15:19","slug":"caminho-de-santiago-de-ferrol","status":"publish","type":"product","link":"https:\/\/www.mundiplus.com\/pt-pt\/caminos\/caminho-de-santiago-de-ferrol\/","title":{"rendered":"Caminho de Santiago de Ferrol"},"content":{"rendered":"<p>O <strong>Caminho de Santiago desde Ferrol<\/strong>, assim como a sa\u00edda desde A Coru\u00f1a, tornaram-se no s\u00e9culo XII os dois pontos principais de partida do <a href=\"https:\/\/www.mundiplus.com\/pt-pt\/caminos\/a-pie\/camino-ingles\" target=\"_blank\" rel=\"noopener noreferrer\">Caminho Ingl\u00eas<\/a>.<\/p>\n<p>Gra\u00e7as \u00e0 sua situa\u00e7\u00e3o estrat\u00e9gica, escandinavos, flamengos, ingleses, escoceses e irlandeses utilizaram com grande intensidade as rotas mar\u00edtimas para chegar \u00e0 Espanha e iniciar a peregrina\u00e7\u00e3o. A peregrina\u00e7\u00e3o jacobeia e seus diferentes itiner\u00e1rios come\u00e7aram a ganhar grande fama em toda a Europa medieval.<\/p>\n","protected":false},"excerpt":{"rendered":"<p>O Caminho de Santiago desde Ferrol, assim como a sa\u00edda desde A Coru\u00f1a, tornaram-se no s\u00e9culo XII os dois pontos principais de partida do Caminho Ingl\u00eas. Gra\u00e7as \u00e0 sua situa\u00e7\u00e3o estrat\u00e9gica, escandinavos, flamengos, ingleses, escoceses e irlandeses utilizaram com grande intensidade as rotas mar\u00edtimas para chegar \u00e0 Espanha e iniciar a peregrina\u00e7\u00e3o. A peregrina\u00e7\u00e3o jacobeia [&hellip;]<\/p>\n","protected":false},"featured_media":113157,"comment_status":"open","ping_status":"closed","template":"","meta":[],"product_brand":[],"product_cat":[559,556],"product_tag":[621],"class_list":{"0":"post-113154","1":"product","2":"type-product","3":"status-publish","4":"has-post-thumbnail","6":"product_cat-camino-ingles-pt-pt","7":"product_cat-caminos-a-pie","8":"product_tag-ferrol-pt-pt","10":"first","11":"instock","12":"shipping-taxable","13":"purchasable","14":"product-type-simple"},"_links":{"self":[{"href":"https:\/\/www.mundiplus.com\/pt-pt\/wp-json\/wp\/v2\/product\/113154","targetHints":{"allow":["GET"]}}],"collection":[{"href":"https:\/\/www.mundiplus.com\/pt-pt\/wp-json\/wp\/v2\/product"}],"about":[{"href":"https:\/\/www.mundiplus.com\/pt-pt\/wp-json\/wp\/v2\/types\/product"}],"replies":[{"embeddable":true,"href":"https:\/\/www.mundiplus.com\/pt-pt\/wp-json\/wp\/v2\/comments?post=113154"}],"version-history":[{"count":0,"href":"https:\/\/www.mundiplus.com\/pt-pt\/wp-json\/wp\/v2\/product\/113154\/revisions"}],"wp:featuredmedia":[{"embeddable":true,"href":"https:\/\/www.mundiplus.com\/pt-pt\/wp-json\/wp\/v2\/media\/113157"}],"wp:attachment":[{"href":"https:\/\/www.mundiplus.com\/pt-pt\/wp-json\/wp\/v2\/media?parent=113154"}],"wp:term":[{"taxonomy":"product_brand","embeddable":true,"href":"https:\/\/www.mundiplus.com\/pt-pt\/wp-json\/wp\/v2\/product_brand?post=113154"},{"taxonomy":"product_cat","embeddable":true,"href":"https:\/\/www.mundiplus.com\/pt-pt\/wp-json\/wp\/v2\/product_cat?post=113154"},{"taxonomy":"product_tag","embeddable":true,"href":"https:\/\/www.mundiplus.com\/pt-pt\/wp-json\/wp\/v2\/product_tag?post=113154"}],"curies":[{"name":"wp","href":"https:\/\/api.w.org\/{rel}","templated":true}]}}