{"id":113406,"date":"2023-05-23T15:58:53","date_gmt":"2023-05-23T15:58:53","guid":{"rendered":"https:\/\/www.mundiplus.com\/caminos\/sem%20categoria\/caminho-portugues-em-grupo-de-tui\/"},"modified":"2024-11-15T16:27:49","modified_gmt":"2024-11-15T16:27:49","slug":"caminho-portugues-em-grupo-de-tui","status":"publish","type":"product","link":"https:\/\/www.mundiplus.com\/pt-pt\/caminos\/caminho-portugues-em-grupo-de-tui\/","title":{"rendered":"Caminho Portugu\u00eas em grupo de Tui"},"content":{"rendered":"<p>Este itiner\u00e1rio que desenhamos <strong>do Caminho de Santiago em grupo desde Tui<\/strong> \u00e9 ideal para grupos de amigos que querem viver a experi\u00eancia desta milenar rota de peregrina\u00e7\u00e3o em <strong>albergues privados<\/strong>, compartilhando o alojamento e o banheiro com outros peregrinos de diferentes nacionalidades e culturas.<\/p>\n<p>Se, pelo contr\u00e1rio, voc\u00ea busca outro tipo de comodidades e privacidade, recomendamos o <a href=\"https:\/\/www.mundiplus.com\/caminos\/a-pie\/camino-portugues\/camino-de-santiago-desde-tui\" target=\"_blank\" rel=\"noopener\">Caminho de Santiago de Tui a Santiago<\/a> em alojamentos com charme e quartos privados.<\/p>\n<p><strong style=\"font-size: 1em; letter-spacing: 0.026em;\">GRUPO M\u00cdNIMO DE 15 PESSOAS:<\/strong><span style=\"background-color: #fbfeff; font-size: 1em; letter-spacing: 0.026em;\"> O pre\u00e7o por pessoa fornecido \u00e9 para grupos de amigos, familiares, escolas, associa\u00e7\u00f5es, etc., <strong>que j\u00e1 venham formados no momento da reserva<\/strong>.<\/span><\/p>\n","protected":false},"excerpt":{"rendered":"<p>Este itiner\u00e1rio que desenhamos do Caminho de Santiago em grupo desde Tui \u00e9 ideal para grupos de amigos que querem viver a experi\u00eancia desta milenar rota de peregrina\u00e7\u00e3o em albergues privados, compartilhando o alojamento e o banheiro com outros peregrinos de diferentes nacionalidades e culturas. Se, pelo contr\u00e1rio, voc\u00ea busca outro tipo de comodidades e [&hellip;]<\/p>\n","protected":false},"featured_media":113592,"comment_status":"open","ping_status":"closed","template":"","meta":[],"product_brand":[],"product_cat":[566],"product_tag":[],"class_list":{"0":"post-113406","1":"product","2":"type-product","3":"status-publish","4":"has-post-thumbnail","6":"product_cat-viajes-escolares-asociaciones-clubs-pt-pt","8":"first","9":"instock","10":"shipping-taxable","11":"purchasable","12":"product-type-simple"},"_links":{"self":[{"href":"https:\/\/www.mundiplus.com\/pt-pt\/wp-json\/wp\/v2\/product\/113406","targetHints":{"allow":["GET"]}}],"collection":[{"href":"https:\/\/www.mundiplus.com\/pt-pt\/wp-json\/wp\/v2\/product"}],"about":[{"href":"https:\/\/www.mundiplus.com\/pt-pt\/wp-json\/wp\/v2\/types\/product"}],"replies":[{"embeddable":true,"href":"https:\/\/www.mundiplus.com\/pt-pt\/wp-json\/wp\/v2\/comments?post=113406"}],"version-history":[{"count":0,"href":"https:\/\/www.mundiplus.com\/pt-pt\/wp-json\/wp\/v2\/product\/113406\/revisions"}],"wp:featuredmedia":[{"embeddable":true,"href":"https:\/\/www.mundiplus.com\/pt-pt\/wp-json\/wp\/v2\/media\/113592"}],"wp:attachment":[{"href":"https:\/\/www.mundiplus.com\/pt-pt\/wp-json\/wp\/v2\/media?parent=113406"}],"wp:term":[{"taxonomy":"product_brand","embeddable":true,"href":"https:\/\/www.mundiplus.com\/pt-pt\/wp-json\/wp\/v2\/product_brand?post=113406"},{"taxonomy":"product_cat","embeddable":true,"href":"https:\/\/www.mundiplus.com\/pt-pt\/wp-json\/wp\/v2\/product_cat?post=113406"},{"taxonomy":"product_tag","embeddable":true,"href":"https:\/\/www.mundiplus.com\/pt-pt\/wp-json\/wp\/v2\/product_tag?post=113406"}],"curies":[{"name":"wp","href":"https:\/\/api.w.org\/{rel}","templated":true}]}}