{"id":113472,"date":"2023-05-16T22:23:48","date_gmt":"2023-05-16T22:23:48","guid":{"rendered":"https:\/\/www.mundiplus.com\/caminos\/sem%20categoria\/estrada-de-lugo-a-santiago\/"},"modified":"2025-02-18T16:11:10","modified_gmt":"2025-02-18T16:11:10","slug":"estrada-de-lugo-a-santiago","status":"publish","type":"product","link":"https:\/\/www.mundiplus.com\/pt-pt\/caminos\/estrada-de-lugo-a-santiago\/","title":{"rendered":"Estrada de Lugo a Santiago"},"content":{"rendered":"<p>O Caminho de Santiago, desde Lugo (<a href=\"https:\/\/www.mundiplus.com\/pt-pt\/caminos\/a-pie\/camino-primitivo\" target=\"_blank\" rel=\"noopener noreferrer\">Caminho Primitivo<\/a>), come\u00e7a aos p\u00e9s de sua fabulosa muralha romana. Uma bela cidade milenar, patrim\u00f4nio da Humanidade, onde iniciaremos este caminho pelas terras galegas, ao longo da Gal\u00edcia mais rural, pontilhada por pequenas aldeias.<\/p>\n<p>Ao chegar em Melide, encontramos os peregrinos do <a href=\"https:\/\/www.mundiplus.com\/pt-pt\/caminos\/a-pie\/camino-frances\" target=\"_blank\" rel=\"noopener noreferrer\">Caminho Franc\u00eas<\/a> para, em uma \u00fanica via, nos dirigirmos a Santiago. Do Monte do Gozo, \u00e0s portas de Santiago, desfrutaremos da vista excepcional da Catedral e da cidade do Ap\u00f3stolo.<\/p>\n","protected":false},"excerpt":{"rendered":"<p>O Caminho de Santiago, desde Lugo (Caminho Primitivo), come\u00e7a aos p\u00e9s de sua fabulosa muralha romana. Uma bela cidade milenar, patrim\u00f4nio da Humanidade, onde iniciaremos este caminho pelas terras galegas, ao longo da Gal\u00edcia mais rural, pontilhada por pequenas aldeias. Ao chegar em Melide, encontramos os peregrinos do Caminho Franc\u00eas para, em uma \u00fanica via, [&hellip;]<\/p>\n","protected":false},"featured_media":110126,"comment_status":"open","ping_status":"closed","template":"","meta":[],"product_brand":[],"product_cat":[562,556],"product_tag":[],"class_list":{"0":"post-113472","1":"product","2":"type-product","3":"status-publish","4":"has-post-thumbnail","6":"product_cat-camino-primitivo-pt-pt","7":"product_cat-caminos-a-pie","9":"first","10":"instock","11":"shipping-taxable","12":"purchasable","13":"product-type-simple"},"_links":{"self":[{"href":"https:\/\/www.mundiplus.com\/pt-pt\/wp-json\/wp\/v2\/product\/113472","targetHints":{"allow":["GET"]}}],"collection":[{"href":"https:\/\/www.mundiplus.com\/pt-pt\/wp-json\/wp\/v2\/product"}],"about":[{"href":"https:\/\/www.mundiplus.com\/pt-pt\/wp-json\/wp\/v2\/types\/product"}],"replies":[{"embeddable":true,"href":"https:\/\/www.mundiplus.com\/pt-pt\/wp-json\/wp\/v2\/comments?post=113472"}],"version-history":[{"count":0,"href":"https:\/\/www.mundiplus.com\/pt-pt\/wp-json\/wp\/v2\/product\/113472\/revisions"}],"wp:featuredmedia":[{"embeddable":true,"href":"https:\/\/www.mundiplus.com\/pt-pt\/wp-json\/wp\/v2\/media\/110126"}],"wp:attachment":[{"href":"https:\/\/www.mundiplus.com\/pt-pt\/wp-json\/wp\/v2\/media?parent=113472"}],"wp:term":[{"taxonomy":"product_brand","embeddable":true,"href":"https:\/\/www.mundiplus.com\/pt-pt\/wp-json\/wp\/v2\/product_brand?post=113472"},{"taxonomy":"product_cat","embeddable":true,"href":"https:\/\/www.mundiplus.com\/pt-pt\/wp-json\/wp\/v2\/product_cat?post=113472"},{"taxonomy":"product_tag","embeddable":true,"href":"https:\/\/www.mundiplus.com\/pt-pt\/wp-json\/wp\/v2\/product_tag?post=113472"}],"curies":[{"name":"wp","href":"https:\/\/api.w.org\/{rel}","templated":true}]}}