{"id":113490,"date":"2023-05-16T13:56:14","date_gmt":"2023-05-16T13:56:14","guid":{"rendered":"https:\/\/www.mundiplus.com\/caminos\/sem categoria\/projete-seu-caminho-do-norte\/"},"modified":"2023-05-16T13:56:14","modified_gmt":"2023-05-16T13:56:14","slug":"projete-seu-caminho-do-norte","status":"publish","type":"product","link":"https:\/\/www.mundiplus.com\/pt-pt\/caminos\/projete-seu-caminho-do-norte\/","title":{"rendered":"Projete seu Caminho do Norte"},"content":{"rendered":"<p>Dise\u00f1amos Tu Camino de Santiago del Norte a medida en funci\u00f3n de los d\u00edas que tengas disponibles, y seg\u00fan los kil\u00f3metros que te gustar\u00eda caminar diariamente. El punto de inicio del Camino lo eliges t\u00fa.<\/p>\n<p>Si ninguna de las rutas est\u00e1ndar que ofrecemos se ajustan a tus necesidades, puedes iniciar la ruta en cualquier lugar que desees del <a href=\"https:\/\/www.mundiplus.com\/caminos\/a-pie\/camino-norte\" target=\"_blank\" rel=\"noopener\">Camino del Norte<\/a> y por el tiempo que estimes oportuno.<\/p>\n<p>Las principales localidades por las que transcurre la ruta son: Bilbao, Santander, Gij\u00f3n, Ribadeo. Grandiosos monumentos y hechos hist\u00f3ricos, que tuvieron como testigo esta ruta de peregrinaci\u00f3n, a lo largo de sus 812 kms de longitud.<\/p>\n","protected":false},"excerpt":{"rendered":"<p>Dise\u00f1amos Tu Camino de Santiago del Norte a medida en funci\u00f3n de los d\u00edas que tengas disponibles, y seg\u00fan los kil\u00f3metros que te gustar\u00eda caminar diariamente. El punto de inicio del Camino lo eliges t\u00fa. Si ninguna de las rutas est\u00e1ndar que ofrecemos se ajustan a tus necesidades, puedes iniciar la ruta en cualquier lugar [&hellip;]<\/p>\n","protected":false},"featured_media":113493,"comment_status":"open","ping_status":"closed","template":"","meta":[],"product_brand":[],"product_cat":[564,556],"product_tag":[],"class_list":{"0":"post-113490","1":"product","2":"type-product","3":"status-publish","4":"has-post-thumbnail","6":"product_cat-camino-del-norte","7":"product_cat-caminos-a-pie","9":"first","10":"instock","11":"shipping-taxable","12":"purchasable","13":"product-type-simple"},"_links":{"self":[{"href":"https:\/\/www.mundiplus.com\/pt-pt\/wp-json\/wp\/v2\/product\/113490","targetHints":{"allow":["GET"]}}],"collection":[{"href":"https:\/\/www.mundiplus.com\/pt-pt\/wp-json\/wp\/v2\/product"}],"about":[{"href":"https:\/\/www.mundiplus.com\/pt-pt\/wp-json\/wp\/v2\/types\/product"}],"replies":[{"embeddable":true,"href":"https:\/\/www.mundiplus.com\/pt-pt\/wp-json\/wp\/v2\/comments?post=113490"}],"version-history":[{"count":0,"href":"https:\/\/www.mundiplus.com\/pt-pt\/wp-json\/wp\/v2\/product\/113490\/revisions"}],"wp:featuredmedia":[{"embeddable":true,"href":"https:\/\/www.mundiplus.com\/pt-pt\/wp-json\/wp\/v2\/media\/113493"}],"wp:attachment":[{"href":"https:\/\/www.mundiplus.com\/pt-pt\/wp-json\/wp\/v2\/media?parent=113490"}],"wp:term":[{"taxonomy":"product_brand","embeddable":true,"href":"https:\/\/www.mundiplus.com\/pt-pt\/wp-json\/wp\/v2\/product_brand?post=113490"},{"taxonomy":"product_cat","embeddable":true,"href":"https:\/\/www.mundiplus.com\/pt-pt\/wp-json\/wp\/v2\/product_cat?post=113490"},{"taxonomy":"product_tag","embeddable":true,"href":"https:\/\/www.mundiplus.com\/pt-pt\/wp-json\/wp\/v2\/product_tag?post=113490"}],"curies":[{"name":"wp","href":"https:\/\/api.w.org\/{rel}","templated":true}]}}