{"id":113510,"date":"2023-05-16T12:01:05","date_gmt":"2023-05-16T12:01:05","guid":{"rendered":"https:\/\/www.mundiplus.com\/caminos\/sem%20categoria\/estrada-de-vilalba-a-santiago\/"},"modified":"2025-02-18T16:19:52","modified_gmt":"2025-02-18T16:19:52","slug":"estrada-de-vilalba-a-santiago","status":"publish","type":"product","link":"https:\/\/www.mundiplus.com\/pt-pt\/caminos\/estrada-de-vilalba-a-santiago\/","title":{"rendered":"Estrada de Vilalba a Santiago"},"content":{"rendered":"<p>O <strong>Caminho de Santiago desde Vilalba<\/strong> \u00e9 o ponto de in\u00edcio na regi\u00e3o de Terra Ch\u00e1.<\/p>\n<p>Nesta rota caminharemos seguindo tra\u00e7ados medievais e trilhas reais povoadas por florestas de carvalhos, castanheiros e b\u00e9tulas. Tudo isso misturado com exemplos de arquitetura popular e pequenas aldeias e povoados, bem como amplas \u00e1reas de trilhas florestais.<\/p>\n<p>Alcan\u00e7aremos a altitude mais alta do <a href=\"https:\/\/www.mundiplus.com\/pt-pt\/caminos\/a-pie\/camino-norte\" target=\"_blank\" rel=\"noopener noreferrer\">Caminho do Norte<\/a> desde Villaviciosa, que est\u00e1 no alto de Marco das Pias (710 metros de altitude).<\/p>\n<p>Ao passarmos pela localidade de Arz\u00faa, uniremos ao tra\u00e7ado do Caminho Franc\u00eas at\u00e9 Santiago de Compostela.<\/p>\n","protected":false},"excerpt":{"rendered":"<p>O Caminho de Santiago desde Vilalba \u00e9 o ponto de in\u00edcio na regi\u00e3o de Terra Ch\u00e1. Nesta rota caminharemos seguindo tra\u00e7ados medievais e trilhas reais povoadas por florestas de carvalhos, castanheiros e b\u00e9tulas. Tudo isso misturado com exemplos de arquitetura popular e pequenas aldeias e povoados, bem como amplas \u00e1reas de trilhas florestais. Alcan\u00e7aremos a [&hellip;]<\/p>\n","protected":false},"featured_media":110255,"comment_status":"open","ping_status":"closed","template":"","meta":[],"product_brand":[],"product_cat":[564,556],"product_tag":[],"class_list":{"0":"post-113510","1":"product","2":"type-product","3":"status-publish","4":"has-post-thumbnail","6":"product_cat-camino-del-norte","7":"product_cat-caminos-a-pie","9":"first","10":"instock","11":"shipping-taxable","12":"purchasable","13":"product-type-simple"},"_links":{"self":[{"href":"https:\/\/www.mundiplus.com\/pt-pt\/wp-json\/wp\/v2\/product\/113510","targetHints":{"allow":["GET"]}}],"collection":[{"href":"https:\/\/www.mundiplus.com\/pt-pt\/wp-json\/wp\/v2\/product"}],"about":[{"href":"https:\/\/www.mundiplus.com\/pt-pt\/wp-json\/wp\/v2\/types\/product"}],"replies":[{"embeddable":true,"href":"https:\/\/www.mundiplus.com\/pt-pt\/wp-json\/wp\/v2\/comments?post=113510"}],"version-history":[{"count":0,"href":"https:\/\/www.mundiplus.com\/pt-pt\/wp-json\/wp\/v2\/product\/113510\/revisions"}],"wp:featuredmedia":[{"embeddable":true,"href":"https:\/\/www.mundiplus.com\/pt-pt\/wp-json\/wp\/v2\/media\/110255"}],"wp:attachment":[{"href":"https:\/\/www.mundiplus.com\/pt-pt\/wp-json\/wp\/v2\/media?parent=113510"}],"wp:term":[{"taxonomy":"product_brand","embeddable":true,"href":"https:\/\/www.mundiplus.com\/pt-pt\/wp-json\/wp\/v2\/product_brand?post=113510"},{"taxonomy":"product_cat","embeddable":true,"href":"https:\/\/www.mundiplus.com\/pt-pt\/wp-json\/wp\/v2\/product_cat?post=113510"},{"taxonomy":"product_tag","embeddable":true,"href":"https:\/\/www.mundiplus.com\/pt-pt\/wp-json\/wp\/v2\/product_tag?post=113510"}],"curies":[{"name":"wp","href":"https:\/\/api.w.org\/{rel}","templated":true}]}}