{"id":113531,"date":"2023-05-16T11:34:01","date_gmt":"2023-05-16T11:34:01","guid":{"rendered":"https:\/\/www.mundiplus.com\/caminos\/sem%20categoria\/caminho-de-santiago-desde-ribadeo\/"},"modified":"2025-03-05T13:00:41","modified_gmt":"2025-03-05T13:00:41","slug":"caminho-de-santiago-desde-ribadeo","status":"publish","type":"product","link":"https:\/\/www.mundiplus.com\/pt-pt\/caminos\/caminho-de-santiago-desde-ribadeo\/","title":{"rendered":"Caminho de Santiago desde Ribadeo"},"content":{"rendered":"<p><strong>O Caminho de Santiago desde Ribadeo<\/strong> \u00e9 o ponto de entrada na Gal\u00edcia do Caminho, no que se denomina \u201cCaminho do Norte\u201d, com in\u00edcio na localidade de Ir\u00fan. Toda a beleza da Gal\u00edcia, com densas florestas, corredoiras, Casas Rurais e in\u00fameros rios e ribeiros, marcar\u00e3o nossa rota at\u00e9 Santiago.<\/p>\n<p>Nesta parte do Caminho do Norte, como pontos de especial significado, visitaremos os Mosteiros de San Salvador de Lourenz\u00e1, Sobrado dos Monxes e o munic\u00edpio de Vilalba.<\/p>\n<p>Em Arz\u00faa, o Caminho do Norte se une ao <a href=\"https:\/\/www.mundiplus.com\/pt-pt\/caminos\/a-pie\/camino-frances\" target=\"_blank\" rel=\"noopener noreferrer\">Caminho Franc\u00eas<\/a>, para, em um \u00fanico itiner\u00e1rio, finalizar em Santiago, nosso desejado destino.<\/p>\n","protected":false},"excerpt":{"rendered":"<p>O Caminho de Santiago desde Ribadeo \u00e9 o ponto de entrada na Gal\u00edcia do Caminho, no que se denomina \u201cCaminho do Norte\u201d, com in\u00edcio na localidade de Ir\u00fan. Toda a beleza da Gal\u00edcia, com densas florestas, corredoiras, Casas Rurais e in\u00fameros rios e ribeiros, marcar\u00e3o nossa rota at\u00e9 Santiago. Nesta parte do Caminho do Norte, [&hellip;]<\/p>\n","protected":false},"featured_media":110274,"comment_status":"open","ping_status":"closed","template":"","meta":[],"product_brand":[],"product_cat":[564,556],"product_tag":[],"class_list":{"0":"post-113531","1":"product","2":"type-product","3":"status-publish","4":"has-post-thumbnail","6":"product_cat-camino-del-norte","7":"product_cat-caminos-a-pie","9":"first","10":"instock","11":"shipping-taxable","12":"purchasable","13":"product-type-simple"},"_links":{"self":[{"href":"https:\/\/www.mundiplus.com\/pt-pt\/wp-json\/wp\/v2\/product\/113531","targetHints":{"allow":["GET"]}}],"collection":[{"href":"https:\/\/www.mundiplus.com\/pt-pt\/wp-json\/wp\/v2\/product"}],"about":[{"href":"https:\/\/www.mundiplus.com\/pt-pt\/wp-json\/wp\/v2\/types\/product"}],"replies":[{"embeddable":true,"href":"https:\/\/www.mundiplus.com\/pt-pt\/wp-json\/wp\/v2\/comments?post=113531"}],"version-history":[{"count":0,"href":"https:\/\/www.mundiplus.com\/pt-pt\/wp-json\/wp\/v2\/product\/113531\/revisions"}],"wp:featuredmedia":[{"embeddable":true,"href":"https:\/\/www.mundiplus.com\/pt-pt\/wp-json\/wp\/v2\/media\/110274"}],"wp:attachment":[{"href":"https:\/\/www.mundiplus.com\/pt-pt\/wp-json\/wp\/v2\/media?parent=113531"}],"wp:term":[{"taxonomy":"product_brand","embeddable":true,"href":"https:\/\/www.mundiplus.com\/pt-pt\/wp-json\/wp\/v2\/product_brand?post=113531"},{"taxonomy":"product_cat","embeddable":true,"href":"https:\/\/www.mundiplus.com\/pt-pt\/wp-json\/wp\/v2\/product_cat?post=113531"},{"taxonomy":"product_tag","embeddable":true,"href":"https:\/\/www.mundiplus.com\/pt-pt\/wp-json\/wp\/v2\/product_tag?post=113531"}],"curies":[{"name":"wp","href":"https:\/\/api.w.org\/{rel}","templated":true}]}}