{"id":113536,"date":"2023-05-08T10:47:42","date_gmt":"2023-05-08T10:47:42","guid":{"rendered":"https:\/\/www.mundiplus.com\/caminos\/sem%20categoria\/estrada-de-gijon-a-ribadeo\/"},"modified":"2024-11-24T15:50:51","modified_gmt":"2024-11-24T15:50:51","slug":"estrada-de-gijon-a-ribadeo","status":"publish","type":"product","link":"https:\/\/www.mundiplus.com\/pt-pt\/caminos\/estrada-de-gijon-a-ribadeo\/","title":{"rendered":"Caminho de Gij\u00f3n a Ribadeo"},"content":{"rendered":"<p>O Caminho de Santiago desde Gij\u00f3n come\u00e7a na sua magn\u00edfica praia de San Lorenzo e corre, em grande parte, paralelo ao Mar Cant\u00e1brico, pontilhado por belas cidades costeiras como Pitu (Cudillero), Navia, Luarca, Tapia de Casariego e, com uma termine espetacular em Ribadeo, com vista para o rio que d\u00e1 nome \u00e0 cidade. Lindas mans\u00f5es indianas aparecer\u00e3o em muitos locais desta rota do <a title=\"Camino del Norte\" href=\"https:\/\/www.mundiplus.com\/pt-pt\/caminos\/a-pie\/camino-norte\">Caminho de o Norte<\/a>.<\/p>\n","protected":false},"excerpt":{"rendered":"<p>O Caminho de Santiago desde Gij\u00f3n come\u00e7a na sua magn\u00edfica praia de San Lorenzo e corre, em grande parte, paralelo ao Mar Cant\u00e1brico, pontilhado por belas cidades costeiras como Pitu (Cudillero), Navia, Luarca, Tapia de Casariego e, com uma termine espetacular em Ribadeo, com vista para o rio que d\u00e1 nome \u00e0 cidade. Lindas mans\u00f5es [&hellip;]<\/p>\n","protected":false},"featured_media":113540,"comment_status":"open","ping_status":"closed","template":"","meta":[],"product_brand":[],"product_cat":[564,556],"product_tag":[],"class_list":{"0":"post-113536","1":"product","2":"type-product","3":"status-publish","4":"has-post-thumbnail","6":"product_cat-camino-del-norte","7":"product_cat-caminos-a-pie","9":"first","10":"instock","11":"shipping-taxable","12":"purchasable","13":"product-type-simple"},"_links":{"self":[{"href":"https:\/\/www.mundiplus.com\/pt-pt\/wp-json\/wp\/v2\/product\/113536","targetHints":{"allow":["GET"]}}],"collection":[{"href":"https:\/\/www.mundiplus.com\/pt-pt\/wp-json\/wp\/v2\/product"}],"about":[{"href":"https:\/\/www.mundiplus.com\/pt-pt\/wp-json\/wp\/v2\/types\/product"}],"replies":[{"embeddable":true,"href":"https:\/\/www.mundiplus.com\/pt-pt\/wp-json\/wp\/v2\/comments?post=113536"}],"version-history":[{"count":0,"href":"https:\/\/www.mundiplus.com\/pt-pt\/wp-json\/wp\/v2\/product\/113536\/revisions"}],"wp:featuredmedia":[{"embeddable":true,"href":"https:\/\/www.mundiplus.com\/pt-pt\/wp-json\/wp\/v2\/media\/113540"}],"wp:attachment":[{"href":"https:\/\/www.mundiplus.com\/pt-pt\/wp-json\/wp\/v2\/media?parent=113536"}],"wp:term":[{"taxonomy":"product_brand","embeddable":true,"href":"https:\/\/www.mundiplus.com\/pt-pt\/wp-json\/wp\/v2\/product_brand?post=113536"},{"taxonomy":"product_cat","embeddable":true,"href":"https:\/\/www.mundiplus.com\/pt-pt\/wp-json\/wp\/v2\/product_cat?post=113536"},{"taxonomy":"product_tag","embeddable":true,"href":"https:\/\/www.mundiplus.com\/pt-pt\/wp-json\/wp\/v2\/product_tag?post=113536"}],"curies":[{"name":"wp","href":"https:\/\/api.w.org\/{rel}","templated":true}]}}