{"id":113590,"date":"2023-04-27T10:32:28","date_gmt":"2023-04-27T10:32:28","guid":{"rendered":"https:\/\/www.mundiplus.com\/caminos\/sem%20categoria\/estrada-de-tui-a-santiago\/"},"modified":"2025-01-12T19:12:03","modified_gmt":"2025-01-12T19:12:03","slug":"estrada-de-tui-a-santiago","status":"publish","type":"product","link":"https:\/\/www.mundiplus.com\/pt-pt\/caminos\/estrada-de-tui-a-santiago\/","title":{"rendered":"Caminho de Tui a Santiago"},"content":{"rendered":"<p>O <strong>Caminho de Santiago de Tui a Santiago<\/strong> tem precisamente esta localidade como porta de entrada para a Espanha a partir de Portugal. Na Galiza, este tra\u00e7ado do <a href=\"https:\/\/www.mundiplus.com\/pt-pt\/caminhos\/a-pie\/camino-portugues\" target=\"_blank\" rel=\"noopener noreferrer\">Caminho Portugu\u00eas<\/a> avan\u00e7a paralelo \u00e0s Rias Baixas de Vigo e Pontevedra.<\/p>\n<p>\u00c9 um percurso que realizaremos em sete dias, atravessando paisagens exuberantes, com v\u00e1rios rios e zonas boscosas. N\u00facleos de popula\u00e7\u00e3o com tanto significado e beleza arquitet\u00f3nica como Redondela, Pontesampaio, Pontevedra, Caldas de Rei e Padr\u00f3n, onde segundo a lenda chegou a barca que trouxe da Palestina os restos do Ap\u00f3stolo.<\/p>\n","protected":false},"excerpt":{"rendered":"<p>O Caminho de Santiago de Tui a Santiago tem precisamente esta localidade como porta de entrada para a Espanha a partir de Portugal. Na Galiza, este tra\u00e7ado do Caminho Portugu\u00eas avan\u00e7a paralelo \u00e0s Rias Baixas de Vigo e Pontevedra. \u00c9 um percurso que realizaremos em sete dias, atravessando paisagens exuberantes, com v\u00e1rios rios e zonas [&hellip;]<\/p>\n","protected":false},"featured_media":113592,"comment_status":"open","ping_status":"closed","template":"","meta":[],"product_brand":[],"product_cat":[560,556],"product_tag":[],"class_list":{"0":"post-113590","1":"product","2":"type-product","3":"status-publish","4":"has-post-thumbnail","6":"product_cat-camino-portugues-pt-pt","7":"product_cat-caminos-a-pie","9":"first","10":"instock","11":"shipping-taxable","12":"purchasable","13":"product-type-simple"},"_links":{"self":[{"href":"https:\/\/www.mundiplus.com\/pt-pt\/wp-json\/wp\/v2\/product\/113590","targetHints":{"allow":["GET"]}}],"collection":[{"href":"https:\/\/www.mundiplus.com\/pt-pt\/wp-json\/wp\/v2\/product"}],"about":[{"href":"https:\/\/www.mundiplus.com\/pt-pt\/wp-json\/wp\/v2\/types\/product"}],"replies":[{"embeddable":true,"href":"https:\/\/www.mundiplus.com\/pt-pt\/wp-json\/wp\/v2\/comments?post=113590"}],"version-history":[{"count":0,"href":"https:\/\/www.mundiplus.com\/pt-pt\/wp-json\/wp\/v2\/product\/113590\/revisions"}],"wp:featuredmedia":[{"embeddable":true,"href":"https:\/\/www.mundiplus.com\/pt-pt\/wp-json\/wp\/v2\/media\/113592"}],"wp:attachment":[{"href":"https:\/\/www.mundiplus.com\/pt-pt\/wp-json\/wp\/v2\/media?parent=113590"}],"wp:term":[{"taxonomy":"product_brand","embeddable":true,"href":"https:\/\/www.mundiplus.com\/pt-pt\/wp-json\/wp\/v2\/product_brand?post=113590"},{"taxonomy":"product_cat","embeddable":true,"href":"https:\/\/www.mundiplus.com\/pt-pt\/wp-json\/wp\/v2\/product_cat?post=113590"},{"taxonomy":"product_tag","embeddable":true,"href":"https:\/\/www.mundiplus.com\/pt-pt\/wp-json\/wp\/v2\/product_tag?post=113590"}],"curies":[{"name":"wp","href":"https:\/\/api.w.org\/{rel}","templated":true}]}}