{"id":113600,"date":"2023-04-26T21:11:13","date_gmt":"2023-04-26T21:11:13","guid":{"rendered":"https:\/\/www.mundiplus.com\/caminos\/sem%20categoria\/estrada-de-roncesvalles-a-logrono\/"},"modified":"2025-01-11T15:47:33","modified_gmt":"2025-01-11T15:47:33","slug":"estrada-de-roncesvalles-a-logrono","status":"publish","type":"product","link":"https:\/\/www.mundiplus.com\/pt-pt\/caminos\/estrada-de-roncesvalles-a-logrono\/","title":{"rendered":"Caminho de Roncesvalles a Logro\u00f1o"},"content":{"rendered":"<p>O Caminho de Santiago de Roncesvalles a Logro\u00f1o representa o In\u00edcio do <a href=\"https:\/\/www.mundiplus.com\/pt-pt\/caminos\/a-pie\/camino-frances\" target=\"_blank\" rel=\"noopener noreferrer\">Caminho Franc\u00eas<\/a> na Espanha, aos p\u00e9s dos Piren\u00e9us de Navarra. Rota de extraordin\u00e1ria cultura, tradi\u00e7\u00f5es e monumentos que a marcam, muitos deles testemunhas \u00edntimas da Rota Jacobeia.<\/p>\n<p>Rota de marcados contrastes, desde os Piren\u00e9us, com suas belas florestas, at\u00e9 as ruas-vilas que foram constru\u00eddas para e pelo Caminho, at\u00e9 chegar \u00e0s terras de cultivo e vinhedos da Rioja.<\/p>\n","protected":false},"excerpt":{"rendered":"<p>O Caminho de Santiago de Roncesvalles a Logro\u00f1o representa o In\u00edcio do Caminho Franc\u00eas na Espanha, aos p\u00e9s dos Piren\u00e9us de Navarra. Rota de extraordin\u00e1ria cultura, tradi\u00e7\u00f5es e monumentos que a marcam, muitos deles testemunhas \u00edntimas da Rota Jacobeia. Rota de marcados contrastes, desde os Piren\u00e9us, com suas belas florestas, at\u00e9 as ruas-vilas que foram [&hellip;]<\/p>\n","protected":false},"featured_media":110509,"comment_status":"open","ping_status":"closed","template":"","meta":[],"product_brand":[],"product_cat":[558,556],"product_tag":[623],"class_list":{"0":"post-113600","1":"product","2":"type-product","3":"status-publish","4":"has-post-thumbnail","6":"product_cat-camino-frances","7":"product_cat-caminos-a-pie","8":"product_tag-roncesvalles-pt-pt","10":"first","11":"instock","12":"shipping-taxable","13":"purchasable","14":"product-type-simple"},"_links":{"self":[{"href":"https:\/\/www.mundiplus.com\/pt-pt\/wp-json\/wp\/v2\/product\/113600","targetHints":{"allow":["GET"]}}],"collection":[{"href":"https:\/\/www.mundiplus.com\/pt-pt\/wp-json\/wp\/v2\/product"}],"about":[{"href":"https:\/\/www.mundiplus.com\/pt-pt\/wp-json\/wp\/v2\/types\/product"}],"replies":[{"embeddable":true,"href":"https:\/\/www.mundiplus.com\/pt-pt\/wp-json\/wp\/v2\/comments?post=113600"}],"version-history":[{"count":0,"href":"https:\/\/www.mundiplus.com\/pt-pt\/wp-json\/wp\/v2\/product\/113600\/revisions"}],"wp:featuredmedia":[{"embeddable":true,"href":"https:\/\/www.mundiplus.com\/pt-pt\/wp-json\/wp\/v2\/media\/110509"}],"wp:attachment":[{"href":"https:\/\/www.mundiplus.com\/pt-pt\/wp-json\/wp\/v2\/media?parent=113600"}],"wp:term":[{"taxonomy":"product_brand","embeddable":true,"href":"https:\/\/www.mundiplus.com\/pt-pt\/wp-json\/wp\/v2\/product_brand?post=113600"},{"taxonomy":"product_cat","embeddable":true,"href":"https:\/\/www.mundiplus.com\/pt-pt\/wp-json\/wp\/v2\/product_cat?post=113600"},{"taxonomy":"product_tag","embeddable":true,"href":"https:\/\/www.mundiplus.com\/pt-pt\/wp-json\/wp\/v2\/product_tag?post=113600"}],"curies":[{"name":"wp","href":"https:\/\/api.w.org\/{rel}","templated":true}]}}