{"id":113647,"date":"2023-04-25T11:58:31","date_gmt":"2023-04-25T11:58:31","guid":{"rendered":"https:\/\/www.mundiplus.com\/caminos\/sem%20categoria\/estrada-de-o-cebreiro-a-santiago\/"},"modified":"2025-01-11T15:45:08","modified_gmt":"2025-01-11T15:45:08","slug":"estrada-de-o-cebreiro-a-santiago","status":"publish","type":"product","link":"https:\/\/www.mundiplus.com\/pt-pt\/caminos\/estrada-de-o-cebreiro-a-santiago\/","title":{"rendered":"Caminho de O Cebreiro a Santiago"},"content":{"rendered":"<p>O <strong>Caminho de Santiago desde O Cebreiro<\/strong> at\u00e9 Santiago (<a href=\"https:\/\/www.mundiplus.com\/camino\/a-pie\/camino-frances\/\" target=\"_blank\" rel=\"noopener noreferrer\">Caminho Franc\u00eas<\/a>), \u00e9 um lugar emblem\u00e1tico, ber\u00e7o de lendas, mist\u00e9rios e milagres. Ele nos deleita com paisagens de conto, devido \u00e0 sua privilegiada localiza\u00e7\u00e3o entre Castela e Le\u00e3o e a Gal\u00edcia, pr\u00f3ximo \u00e0s Serras de Os Ancares e O Courel.<\/p>\n<p>Descobriremos na rota o Mosteiro de San Xuli\u00e1n de Samos, que remonta suas origens ao s\u00e9culo VI, de uma beleza e grandiosidade incompar\u00e1veis. Uma vez alcan\u00e7ada Sarria, enfrentaremos os \u00daltimos 100 km do Caminho Franc\u00eas at\u00e9 chegar a Santiago de Compostela.<\/p>\n","protected":false},"excerpt":{"rendered":"<p>O Caminho de Santiago desde O Cebreiro at\u00e9 Santiago (Caminho Franc\u00eas), \u00e9 um lugar emblem\u00e1tico, ber\u00e7o de lendas, mist\u00e9rios e milagres. Ele nos deleita com paisagens de conto, devido \u00e0 sua privilegiada localiza\u00e7\u00e3o entre Castela e Le\u00e3o e a Gal\u00edcia, pr\u00f3ximo \u00e0s Serras de Os Ancares e O Courel. Descobriremos na rota o Mosteiro de [&hellip;]<\/p>\n","protected":false},"featured_media":110535,"comment_status":"open","ping_status":"closed","template":"","meta":[],"product_brand":[],"product_cat":[558,556],"product_tag":[],"class_list":{"0":"post-113647","1":"product","2":"type-product","3":"status-publish","4":"has-post-thumbnail","6":"product_cat-camino-frances","7":"product_cat-caminos-a-pie","9":"first","10":"instock","11":"shipping-taxable","12":"purchasable","13":"product-type-simple"},"_links":{"self":[{"href":"https:\/\/www.mundiplus.com\/pt-pt\/wp-json\/wp\/v2\/product\/113647","targetHints":{"allow":["GET"]}}],"collection":[{"href":"https:\/\/www.mundiplus.com\/pt-pt\/wp-json\/wp\/v2\/product"}],"about":[{"href":"https:\/\/www.mundiplus.com\/pt-pt\/wp-json\/wp\/v2\/types\/product"}],"replies":[{"embeddable":true,"href":"https:\/\/www.mundiplus.com\/pt-pt\/wp-json\/wp\/v2\/comments?post=113647"}],"version-history":[{"count":0,"href":"https:\/\/www.mundiplus.com\/pt-pt\/wp-json\/wp\/v2\/product\/113647\/revisions"}],"wp:featuredmedia":[{"embeddable":true,"href":"https:\/\/www.mundiplus.com\/pt-pt\/wp-json\/wp\/v2\/media\/110535"}],"wp:attachment":[{"href":"https:\/\/www.mundiplus.com\/pt-pt\/wp-json\/wp\/v2\/media?parent=113647"}],"wp:term":[{"taxonomy":"product_brand","embeddable":true,"href":"https:\/\/www.mundiplus.com\/pt-pt\/wp-json\/wp\/v2\/product_brand?post=113647"},{"taxonomy":"product_cat","embeddable":true,"href":"https:\/\/www.mundiplus.com\/pt-pt\/wp-json\/wp\/v2\/product_cat?post=113647"},{"taxonomy":"product_tag","embeddable":true,"href":"https:\/\/www.mundiplus.com\/pt-pt\/wp-json\/wp\/v2\/product_tag?post=113647"}],"curies":[{"name":"wp","href":"https:\/\/api.w.org\/{rel}","templated":true}]}}